{"id":304,"date":"2026-04-07T17:03:26","date_gmt":"2026-04-07T16:03:26","guid":{"rendered":"https:\/\/prawywroclaw.pl\/?page_id=304"},"modified":"2026-04-07T18:01:24","modified_gmt":"2026-04-07T17:01:24","slug":"prawy-wroclaw-portal-informacyjny","status":"publish","type":"page","link":"https:\/\/prawywroclaw.pl\/index.php\/prawy-wroclaw-portal-informacyjny\/","title":{"rendered":"Prawy Wroc\u0142aw &#8211; portal informacyjny"},"content":{"rendered":"<div class=\"intro-text\">\n<p class=\"p3\">Prawy Wroc\u0142aw <img decoding=\"async\" src=\"https:\/\/prawywroclaw.pl\/wp-content\/uploads\/2026\/04\/ppwroc.png\" \/> &#8211; wroc\u0142awski portal informacyjny, punkt orientacyjny na mapie miasta i regionu. Najwa\u017cniejsze wiadomo\u015bci, relacje i zaproszenia. Konserwatywna publicystyka i komentarze.<\/p>\n<\/div>\n<h3 class=\"p1\"><span class=\"s2\">Tw\u00f3rz z nami\u00a0<\/span><img decoding=\"async\" style=\"color: #333333; font-family: -apple-system, BlinkMacSystemFont, 'Segoe UI', Roboto, Oxygen-Sans, Ubuntu, Cantarell, 'Helvetica Neue', sans-serif; font-size: 15px;\" src=\"https:\/\/prawywroclaw.pl\/wp-content\/uploads\/2026\/04\/ppwroc.png\" \/><\/h3>\n<p class=\"p3\">Jeste\u015b \u015bwiadkiem zdarzenia, masz ciekaw\u0105 informacj\u0119, temat interwencyjny, wiadomo\u015b\u0107 o wydarzeniu? Wy\u015blij j\u0105 na bezpieczn\u0105 skrzynk\u0119 e-mail lub whatsup.<\/p>\n<h3 class=\"p1\"><span class=\"s2\">Wspieraj <img decoding=\"async\" style=\"padding-top: 28px;\" src=\"https:\/\/prawywroclaw.pl\/wp-content\/uploads\/2026\/04\/ppwroc.png\" \/><\/span><\/h3>\n<blockquote class=\"pullquote align-center\">\n<p class=\"p3\">Portal Prawy Wroc\u0142aw, to niezale\u017cna inicjatywa dziennikarzy i publicyst\u00f3w zwi\u0105zanych z Dolnym \u015al\u0105skiem i jego stolic\u0105. Zesp\u00f3\u0142 redakcyjny tworz\u0105 osoby z do\u015bwiadczeniem pracy w wielu lokalnych i og\u00f3lnopolskich mediach.<\/p>\n<\/blockquote>\n<p class=\"p3\">Uwa\u017camy, \u017ce konserwatywna cz\u0119\u015b\u0107 spo\u0142eczno\u015bci Wroc\u0142awia i regionu zas\u0142uguje na dedykowane miejsce, w kt\u00f3rym znajd\u0105 si\u0119 bie\u017c\u0105ce informacje, komentarze, relacje i zapowiedzi wa\u017cnych wydarze\u0144. Ma r\u00f3wnie\u017c prawo do oceny fakt\u00f3w w oparciu o wyznawane warto\u015bci i prawicowy punkt widzenia.<\/p>\n<p class=\"p3\">Nie udajemy, \u017ce nie mamy pogl\u0105d\u00f3w, bo ka\u017cdy je ma i kwesti\u0105 uczciwo\u015bci jest poinformowanie o tym swoich odbiorc\u00f3w.<\/p>\n<blockquote class=\"pullquote align-center\">\n<p class=\"p3\">Chcemy, \u017ceby nasi u\u017cytkownicy wiedzieli kto i dlaczego o czym\u015b m\u00f3wi.<\/p>\n<\/blockquote>\n<p class=\"p3\">Dochowujemy przy tym rzetelno\u015bci dziennikarskiej, kt\u00f3ra ka\u017ce opiera\u0107 si\u0119 na sprawdzonych \u017ar\u00f3d\u0142ach, a pozyskane informacje zweryfikowa\u0107.<\/p>\n<p class=\"p3\">Prawy Wroc\u0142aw jest niezale\u017cny od polityk\u00f3w, instytucji, organizacji pozarz\u0105dowych i innych \u015brodowisk, ale wsp\u00f3\u0142pracuje z nimi w zakresie przygotowywania informacji, relacji z wydarze\u0144, zbierania komentarzy. Na zasadach komercyjnych umieszcza reklamy i zlecone tre\u015bci.<\/p>\n<p class=\"p3\">Nasze funkcjonowanie i rozw\u00f3j zale\u017cne jest od pozyskanych tre\u015bci. Dlatego istotnym elementem naszej strategii dzia\u0142ania jest zaanga\u017cowanie odbiorc\u00f3w.<\/p>\n<h3 class=\"p3\">Je\u017celi chcesz wspiera\u0107 niezale\u017cne konserwatywne dziennikarstwo we Wroc\u0142awiu i wojew\u00f3dztwie Dolno\u015bl\u0105skim, mo\u017cesz to zrobi\u0107 w nast\u0119puj\u0105cy spos\u00f3b:<\/h3>\n<p class=\"p3\">Patronite<\/p>\n<p class=\"p3\">Buy Cofee<\/p>\n<p class=\"p3\">Wydrukuj przekaz bankowy<\/p>\n","protected":false},"excerpt":{"rendered":"<p>Prawy Wroc\u0142aw &#8211; wroc\u0142awski portal informacyjny, punkt orientacyjny na mapie miasta i regionu. Najwa\u017cniejsze wiadomo\u015bci, relacje i zaproszenia. Konserwatywna publicystyka i komentarze. Tw\u00f3rz z nami\u00a0 Jeste\u015b \u015bwiadkiem zdarzenia, masz ciekaw\u0105 informacj\u0119, temat interwencyjny, wiadomo\u015b\u0107 o wydarzeniu? Wy\u015blij j\u0105 na bezpieczn\u0105 skrzynk\u0119 e-mail lub whatsup. Wspieraj Portal Prawy Wroc\u0142aw, to niezale\u017cna inicjatywa dziennikarzy i publicyst\u00f3w zwi\u0105zanych [&hellip;]<\/p>\n","protected":false},"author":1,"featured_media":305,"parent":0,"menu_order":0,"comment_status":"closed","ping_status":"closed","template":"","meta":{"jnews_page_loop":{"first_title":"Latest Post","header_type":"heading_6","layout":"right-sidebar","sidebar":"default-sidebar","second_sidebar":"default-sidebar","sticky_sidebar":"1","module":"3","main_custom_image_size":"default","second_custom_image_size":"default","excerpt_length":"20","content_date":"default","date_custom":"Y\/m\/d","content_pagination":"nav_1","pagination_align":"center","post_sticky":"0","post_offset":"0","posts_per_page":"5","sort_by":"latest"},"jnews_single_page":{"layout":"double-sidebar","sidebar":"single-left","second_sidebar":"archive-right","sticky_sidebar":"1","show_post_title":"1","show_post_breadcrumbs":"1","show_post_featured":"0","share_position":"top","share_color":"share-monocrhome"},"jnews_social_meta":[],"footnotes":""},"coauthors":[10],"class_list":["post-304","page","type-page","status-publish","has-post-thumbnail","hentry"],"_links":{"self":[{"href":"https:\/\/prawywroclaw.pl\/index.php\/wp-json\/wp\/v2\/pages\/304","targetHints":{"allow":["GET"]}}],"collection":[{"href":"https:\/\/prawywroclaw.pl\/index.php\/wp-json\/wp\/v2\/pages"}],"about":[{"href":"https:\/\/prawywroclaw.pl\/index.php\/wp-json\/wp\/v2\/types\/page"}],"author":[{"embeddable":true,"href":"https:\/\/prawywroclaw.pl\/index.php\/wp-json\/wp\/v2\/users\/1"}],"replies":[{"embeddable":true,"href":"https:\/\/prawywroclaw.pl\/index.php\/wp-json\/wp\/v2\/comments?post=304"}],"version-history":[{"count":3,"href":"https:\/\/prawywroclaw.pl\/index.php\/wp-json\/wp\/v2\/pages\/304\/revisions"}],"predecessor-version":[{"id":326,"href":"https:\/\/prawywroclaw.pl\/index.php\/wp-json\/wp\/v2\/pages\/304\/revisions\/326"}],"wp:featuredmedia":[{"embeddable":true,"href":"https:\/\/prawywroclaw.pl\/index.php\/wp-json\/wp\/v2\/media\/305"}],"wp:attachment":[{"href":"https:\/\/prawywroclaw.pl\/index.php\/wp-json\/wp\/v2\/media?parent=304"}],"wp:term":[{"taxonomy":"author","embeddable":true,"href":"https:\/\/prawywroclaw.pl\/index.php\/wp-json\/wp\/v2\/coauthors?post=304"}],"curies":[{"name":"wp","href":"https:\/\/api.w.org\/{rel}","templated":true}]}}