{"id":327,"date":"2026-04-07T18:10:14","date_gmt":"2026-04-07T17:10:14","guid":{"rendered":"https:\/\/prawywroclaw.pl\/?page_id=327"},"modified":"2026-04-09T15:36:11","modified_gmt":"2026-04-09T14:36:11","slug":"wyslij-newsa","status":"publish","type":"page","link":"https:\/\/prawywroclaw.pl\/index.php\/wyslij-newsa\/","title":{"rendered":"WY\u015aLIJ NEWSA"},"content":{"rendered":"<div class=\"intro-text\">\n<p>Masz informacj\u0119, o kt\u00f3rej powinno by\u0107 g\u0142o\u015bno? Widzisz spraw\u0119, kt\u00f3r\u0105 kto\u015b pr\u00f3buje przemilcze\u0107? A mo\u017ce dzieje si\u0119 co\u015b wa\u017cnego w Twojej okolicy?<\/p>\n<\/div>\n<p><strong>Podziel si\u0119 tym z nami.<\/strong><\/p>\n<p>PRAWYWROCLAW.pl to portal tworzony przez ludzi, kt\u00f3rzy wierz\u0105, \u017ce rzetelne informacje zaczynaj\u0105 si\u0119 cz\u0119sto od zwyk\u0142ych \u015bwiadk\u00f3w wydarze\u0144. To dzi\u0119ki Wam mo\u017cemy dociera\u0107 tam, gdzie inni nie chc\u0105 lub nie potrafi\u0105.<\/p>\n<h3>Dlaczego warto napisa\u0107?<\/h3>\n<ul>\n<li>wa\u017cne sprawy nie mog\u0105 by\u0107 zamiatane pod dywan<\/li>\n<li>lokalne problemy zas\u0142uguj\u0105 na nag\u0142o\u015bnienie<\/li>\n<li>Twoja informacja mo\u017ce co\u015b realnie zmieni\u0107<\/li>\n<li>to, co widzisz, mo\u017ce mie\u0107 znaczenie dla innych<\/li>\n<\/ul>\n<p>Nie szukamy sensacji. Szukamy <strong>prawdy, temat\u00f3w do sprawdzenia i spraw, kt\u00f3rym warto si\u0119 przyjrze\u0107<\/strong>.<\/p>\n<h3>Ka\u017cd\u0105 spraw\u0119 traktujemy powa\u017cnie<\/h3>\n<p>Ka\u017cde zg\u0142oszenie analizujemy indywidualnie. Je\u015bli temat tego wymaga \u2013 podejmujemy dzia\u0142ania dziennikarskie, weryfikujemy informacje i wracamy do spraw, kt\u00f3re inni odpuszczaj\u0105.<\/p>\n<p><strong>Nie ignorujemy sygna\u0142\u00f3w od czytelnik\u00f3w.<\/strong><\/p>\n<h3>Twoja anonimowo\u015b\u0107 jest dla nas \u015bwi\u0119ta<\/h3>\n<p>Rozumiemy, \u017ce wiele spraw wymaga odwagi. Dlatego:<\/p>\n<ul>\n<li>gwarantujemy pe\u0142n\u0105 anonimowo\u015b\u0107 zg\u0142aszaj\u0105cych<\/li>\n<li>nie ujawniamy \u017ar\u00f3de\u0142 informacji<\/li>\n<li>dbamy o bezpiecze\u0144stwo komunikacji<\/li>\n<\/ul>\n<p>Mo\u017cesz przekaza\u0107 nam informacj\u0119 bez obaw \u2013 <strong>Twoje dane pozostan\u0105 tylko dla nas<\/strong>.<\/p>\n<h3>Jak przes\u0142a\u0107 informacj\u0119?<\/h3>\n<p>Wy\u015blij wiadomo\u015b\u0107 <span style=\"font-family: -apple-system, BlinkMacSystemFont, 'Segoe UI', Roboto, Oxygen-Sans, Ubuntu, Cantarell, 'Helvetica Neue', sans-serif;\">na nasz\u0105 skrzynk\u0119 e-mail, przez <\/span><span style=\"font-family: -apple-system, BlinkMacSystemFont, 'Segoe UI', Roboto, Oxygen-Sans, Ubuntu, Cantarell, 'Helvetica Neue', sans-serif;\">komunikator (np. Messenger) &#8211; s<\/span>zczeg\u00f3\u0142y znajdziesz w zak\u0142adce kontakt. Mo\u017cesz tak\u017ce skorzysta\u0107 z poni\u017cszego formularza.<\/p>\n<hr \/>\n<div class=\"everest-forms\"><div class=\"evf-container default\" id=\"evf-450\"><form id=\"evf-form-450\" class=\"everest-form\" data-formid=\"450\" data-ajax_submission=\"1\" data-keyboard_friendly_form=\"0\" data-form_state_type=\"\" method=\"post\" enctype=\"multipart\/form-data\" action=\"\/index.php\/wp-json\/wp\/v2\/pages\/327\"><div class=\"evf-field-container\"><input type=\"hidden\" id=\"_wpnonce450\" name=\"_wpnonce450\" value=\"c0f639de77\" \/><input type=\"hidden\" name=\"_wp_http_referer\" value=\"\/index.php\/wp-json\/wp\/v2\/pages\/327\" \/><input type='hidden' id='evf_submission_start_time' name='evf_submission_start_time'\/><div class=\"evf-frontend-row\" data-row=\"row_1\" conditional_rules=\"[]\"><div class=\"evf-frontend-grid evf-grid-2\" data-grid=\"grid_1\"><div id=\"evf-450-field_fullname-container\" class=\"evf-field evf-field-text form-row validate-required\" data-required-field-message=\"To pole jest wymagane\" data-field-id=\"fullname\"><label class=\"evf-field-label\" for=\"evf-450-field_fullname\"><span class=\"evf-label\">Przedstaw si\u0119<\/span> <abbr class=\"required\" title=\"Required\">*<\/abbr><\/label><input type=\"text\" id=\"evf-450-field_fullname\" class=\"input-text everest-forms-min-characters-length-enabled\" data-form-id=\"450\" data-field-id=\"fullname\" data-text-min-length=\"3\" name=\"everest_forms[form_fields][fullname]\" minlength=\"3\" required><\/div><div id=\"evf-450-field_email-container\" class=\"evf-field evf-field-email form-row validate-required validate-email\" data-required-field-message=\"Wprowad\u017a wa\u017cny adres e-mail\" data-field-id=\"email\"><label class=\"evf-field-label\" for=\"evf-450-field_email\"><span class=\"evf-label\">Email<\/span> <abbr class=\"required\" title=\"Required\">*<\/abbr><\/label><input type=\"email\" id=\"evf-450-field_email\" class=\"input-text\" name=\"everest_forms[form_fields][email]\" required ><\/div><div id=\"evf-450-field_subject-container\" class=\"evf-field evf-field-text form-row\" data-field-id=\"subject\"><label class=\"evf-field-label\" for=\"evf-450-field_subject\"><span class=\"evf-label\">Temat<\/span> <\/label><input type=\"text\" id=\"evf-450-field_subject\" class=\"input-text\" name=\"everest_forms[form_fields][subject]\" ><\/div><div id=\"evf-450-field_3ZrwvGLhMy-3-container\" class=\"evf-field evf-field-rating form-row\" data-field-id=\"3ZrwvGLhMy-3\"><label class=\"evf-field-label\" for=\"evf-450-field_3ZrwvGLhMy-3\"><span class=\"evf-label\">Przy okazji... oce\u0144 nas<\/span> <\/label><div id=\"evf-450-field_3ZrwvGLhMy-3\" class=\"everest-forms-field-rating-container\"><label class=\"everest-forms-field-rating choice-1 \" for=\"everest-forms-450-field_3ZrwvGLhMy-3_1\"><input type=\"radio\" id=\"everest-forms-450-field_3ZrwvGLhMy-3_1\" class=\"input-text\" name=\"everest_forms[form_fields][3ZrwvGLhMy-3]\" value=\"1\" ><svg width=\"32\" height=\"32\" viewBox=\"0 0 32 32\" style=\"fill:#ed270f\"><path d=\"M30 14.88a3.42 3.42 0 0 0-3.36-3.36h-4.85l.14-.42a2.42 2.42 0 0 1 .2-.39c.08-.14.14-.24.17-.31.21-.4.37-.72.48-1a7.39 7.39 0 0 0 .33-1.05A5.71 5.71 0 0 0 23 4a3.48 3.48 0 0 0-3-2 1.61 1.61 0 0 0-1.43.89C18.34 3.13 17 7 17 7a5.44 5.44 0 0 1-1 2c-.57.75-2.6 3-3.2 3.71s-1.05 1-1.33 1C10 13.74 10 15.71 10 16v9c0 .3 0 2.2 1.52 2.2a12.7 12.7 0 0 1 2.76.77A15.6 15.6 0 0 0 21 30a8.9 8.9 0 0 0 5.74-1.92C30 25 30 15.88 30 14.88zM5 14a3 3 0 0 0-3 3v7a3 3 0 0 0 6 0v-7a3 3 0 0 0-3-3zm0 11a1 1 0 1 1 1-1 1 1 0 0 1-1 1z\"\/><\/svg><\/label><label class=\"everest-forms-field-rating choice-2 \" for=\"everest-forms-450-field_3ZrwvGLhMy-3_2\"><input type=\"radio\" id=\"everest-forms-450-field_3ZrwvGLhMy-3_2\" class=\"input-text\" name=\"everest_forms[form_fields][3ZrwvGLhMy-3]\" value=\"2\" ><svg width=\"32\" height=\"32\" viewBox=\"0 0 32 32\" style=\"fill:#ed270f\"><path d=\"M30 14.88a3.42 3.42 0 0 0-3.36-3.36h-4.85l.14-.42a2.42 2.42 0 0 1 .2-.39c.08-.14.14-.24.17-.31.21-.4.37-.72.48-1a7.39 7.39 0 0 0 .33-1.05A5.71 5.71 0 0 0 23 4a3.48 3.48 0 0 0-3-2 1.61 1.61 0 0 0-1.43.89C18.34 3.13 17 7 17 7a5.44 5.44 0 0 1-1 2c-.57.75-2.6 3-3.2 3.71s-1.05 1-1.33 1C10 13.74 10 15.71 10 16v9c0 .3 0 2.2 1.52 2.2a12.7 12.7 0 0 1 2.76.77A15.6 15.6 0 0 0 21 30a8.9 8.9 0 0 0 5.74-1.92C30 25 30 15.88 30 14.88zM5 14a3 3 0 0 0-3 3v7a3 3 0 0 0 6 0v-7a3 3 0 0 0-3-3zm0 11a1 1 0 1 1 1-1 1 1 0 0 1-1 1z\"\/><\/svg><\/label><label class=\"everest-forms-field-rating choice-3 \" for=\"everest-forms-450-field_3ZrwvGLhMy-3_3\"><input type=\"radio\" id=\"everest-forms-450-field_3ZrwvGLhMy-3_3\" class=\"input-text\" name=\"everest_forms[form_fields][3ZrwvGLhMy-3]\" value=\"3\" ><svg width=\"32\" height=\"32\" viewBox=\"0 0 32 32\" style=\"fill:#ed270f\"><path d=\"M30 14.88a3.42 3.42 0 0 0-3.36-3.36h-4.85l.14-.42a2.42 2.42 0 0 1 .2-.39c.08-.14.14-.24.17-.31.21-.4.37-.72.48-1a7.39 7.39 0 0 0 .33-1.05A5.71 5.71 0 0 0 23 4a3.48 3.48 0 0 0-3-2 1.61 1.61 0 0 0-1.43.89C18.34 3.13 17 7 17 7a5.44 5.44 0 0 1-1 2c-.57.75-2.6 3-3.2 3.71s-1.05 1-1.33 1C10 13.74 10 15.71 10 16v9c0 .3 0 2.2 1.52 2.2a12.7 12.7 0 0 1 2.76.77A15.6 15.6 0 0 0 21 30a8.9 8.9 0 0 0 5.74-1.92C30 25 30 15.88 30 14.88zM5 14a3 3 0 0 0-3 3v7a3 3 0 0 0 6 0v-7a3 3 0 0 0-3-3zm0 11a1 1 0 1 1 1-1 1 1 0 0 1-1 1z\"\/><\/svg><\/label><label class=\"everest-forms-field-rating choice-4 \" for=\"everest-forms-450-field_3ZrwvGLhMy-3_4\"><input type=\"radio\" id=\"everest-forms-450-field_3ZrwvGLhMy-3_4\" class=\"input-text\" name=\"everest_forms[form_fields][3ZrwvGLhMy-3]\" value=\"4\" ><svg width=\"32\" height=\"32\" viewBox=\"0 0 32 32\" style=\"fill:#ed270f\"><path d=\"M30 14.88a3.42 3.42 0 0 0-3.36-3.36h-4.85l.14-.42a2.42 2.42 0 0 1 .2-.39c.08-.14.14-.24.17-.31.21-.4.37-.72.48-1a7.39 7.39 0 0 0 .33-1.05A5.71 5.71 0 0 0 23 4a3.48 3.48 0 0 0-3-2 1.61 1.61 0 0 0-1.43.89C18.34 3.13 17 7 17 7a5.44 5.44 0 0 1-1 2c-.57.75-2.6 3-3.2 3.71s-1.05 1-1.33 1C10 13.74 10 15.71 10 16v9c0 .3 0 2.2 1.52 2.2a12.7 12.7 0 0 1 2.76.77A15.6 15.6 0 0 0 21 30a8.9 8.9 0 0 0 5.74-1.92C30 25 30 15.88 30 14.88zM5 14a3 3 0 0 0-3 3v7a3 3 0 0 0 6 0v-7a3 3 0 0 0-3-3zm0 11a1 1 0 1 1 1-1 1 1 0 0 1-1 1z\"\/><\/svg><\/label><label class=\"everest-forms-field-rating choice-5 \" for=\"everest-forms-450-field_3ZrwvGLhMy-3_5\"><input type=\"radio\" id=\"everest-forms-450-field_3ZrwvGLhMy-3_5\" class=\"input-text\" name=\"everest_forms[form_fields][3ZrwvGLhMy-3]\" value=\"5\" ><svg width=\"32\" height=\"32\" viewBox=\"0 0 32 32\" style=\"fill:#ed270f\"><path d=\"M30 14.88a3.42 3.42 0 0 0-3.36-3.36h-4.85l.14-.42a2.42 2.42 0 0 1 .2-.39c.08-.14.14-.24.17-.31.21-.4.37-.72.48-1a7.39 7.39 0 0 0 .33-1.05A5.71 5.71 0 0 0 23 4a3.48 3.48 0 0 0-3-2 1.61 1.61 0 0 0-1.43.89C18.34 3.13 17 7 17 7a5.44 5.44 0 0 1-1 2c-.57.75-2.6 3-3.2 3.71s-1.05 1-1.33 1C10 13.74 10 15.71 10 16v9c0 .3 0 2.2 1.52 2.2a12.7 12.7 0 0 1 2.76.77A15.6 15.6 0 0 0 21 30a8.9 8.9 0 0 0 5.74-1.92C30 25 30 15.88 30 14.88zM5 14a3 3 0 0 0-3 3v7a3 3 0 0 0 6 0v-7a3 3 0 0 0-3-3zm0 11a1 1 0 1 1 1-1 1 1 0 0 1-1 1z\"\/><\/svg><\/label><label class=\"everest-forms-field-rating choice-6 \" for=\"everest-forms-450-field_3ZrwvGLhMy-3_6\"><input type=\"radio\" id=\"everest-forms-450-field_3ZrwvGLhMy-3_6\" class=\"input-text\" name=\"everest_forms[form_fields][3ZrwvGLhMy-3]\" value=\"6\" ><svg width=\"32\" height=\"32\" viewBox=\"0 0 32 32\" style=\"fill:#ed270f\"><path d=\"M30 14.88a3.42 3.42 0 0 0-3.36-3.36h-4.85l.14-.42a2.42 2.42 0 0 1 .2-.39c.08-.14.14-.24.17-.31.21-.4.37-.72.48-1a7.39 7.39 0 0 0 .33-1.05A5.71 5.71 0 0 0 23 4a3.48 3.48 0 0 0-3-2 1.61 1.61 0 0 0-1.43.89C18.34 3.13 17 7 17 7a5.44 5.44 0 0 1-1 2c-.57.75-2.6 3-3.2 3.71s-1.05 1-1.33 1C10 13.74 10 15.71 10 16v9c0 .3 0 2.2 1.52 2.2a12.7 12.7 0 0 1 2.76.77A15.6 15.6 0 0 0 21 30a8.9 8.9 0 0 0 5.74-1.92C30 25 30 15.88 30 14.88zM5 14a3 3 0 0 0-3 3v7a3 3 0 0 0 6 0v-7a3 3 0 0 0-3-3zm0 11a1 1 0 1 1 1-1 1 1 0 0 1-1 1z\"\/><\/svg><\/label><\/div><\/div><\/div><div class=\"evf-frontend-grid evf-grid-2\" data-grid=\"grid_2\"><div id=\"evf-450-field_message-container\" class=\"evf-field evf-field-textarea form-row validate-required\" data-required-field-message=\"To pole jest wymagane\" data-field-id=\"message\"><label class=\"evf-field-label\" for=\"evf-450-field_message\"><span class=\"evf-label\">Twoja wiadomo\u015b\u0107<\/span> <abbr class=\"required\" title=\"Required\">*<\/abbr><\/label><textarea id=\"evf-450-field_message\" class=\"input-text everest-forms-min-characters-length-enabled\" data-form-id=\"450\" data-field-id=\"message\" data-text-min-length=\"30\" name=\"everest_forms[form_fields][message]\" minlength=\"30\" required ><\/textarea><\/div><div id=\"evf-450-field_bKhsOfWTch-1-container\" class=\"evf-field evf-field-file-upload form-row\" data-field-id=\"bKhsOfWTch-1\"><label class=\"evf-field-label\" for=\"evf-450-field_bKhsOfWTch-1\"><span class=\"evf-label\">Dodaj za\u0142\u0105czniki<\/span> <\/label>\t\t<div class=\"everest-forms-uploader\"\n\t\t\tdata-field-id=\"bKhsOfWTch-1\"\n\t\t\tdata-form-id=\"450\"\n\t\t\tdata-input-name=\"everest_forms_450_bKhsOfWTch-1\"\n\t\t\tdata-extensions=\"jpg,jpeg,jpe,gif,png,bmp,tiff,tif,webp,avif,ico,heic,heif,heics,heifs,asf,asx,wmv,wmx,wm,avi,divx,mov,qt,mpeg,mpg,mpe,mp4,m4v,ogv,webm,mkv,3gp,3gpp,3g2,3gp2,txt,asc,c,cc,h,srt,csv,tsv,ics,rtx,css,html,vtt,dfxp,mp3,m4a,m4b,aac,ra,ram,wav,x-wav,ogg,oga,flac,mid,midi,wma,wax,mka,rtf,pdf,class,tar,zip,gz,gzip,rar,7z,psd,xcf,doc,pot,pps,ppt,wri,xla,xls,xlt,xlw,mpp,docx,docm,dotx,dotm,xlsx,xlsm,xlsb,xltx,xltm,xlam,pptx,pptm,ppsx,ppsm,potx,potm,ppam,sldx,sldm,onetoc,onetoc2,onetmp,onepkg,oxps,xps,odt,odp,ods,odg,odc,odb,odf,wp,wpd,key,numbers,pages\"\n\t\t\tdata-max-size=\"36700160\"\n\t\t\tdata-max-file-number=\"1\"\n\t\t\tdata-post-max-size=\"2048000\"\n\t\t\tdata-current-file-count=\"0\"\n\t\t\t>\n\t\t\t<div class=\"dz-message\">\n\t\t\t\t<svg xmlns=\"http:\/\/www.w3.org\/2000\/svg\" viewBox=\"0 0 32 32\" width=\"32px\" height=\"32px\" fill=\"#868e96\"><path class=\"cls-1\" d=\"M18.12,17.52,17,16.4V25a1,1,0,0,1-2,0V16.4l-1.12,1.12a1,1,0,0,1-1.42,0,1,1,0,0,1,0-1.41l2.83-2.83a1,1,0,0,1,1.42,0l2.83,2.83a1,1,0,0,1-.71,1.7A1,1,0,0,1,18.12,17.52ZM22,22H20a1,1,0,0,1,0-2h2a4,4,0,0,0,.27-8,1,1,0,0,1-.84-.57,6,6,0,0,0-11.36,1.69,1,1,0,0,1-1,.86H9A3,3,0,0,0,9,20h3a1,1,0,0,1,0,2H9a5,5,0,0,1-.75-9.94A8,8,0,0,1,23,10.1,6,6,0,0,1,22,22Z\"\/><\/svg>\n\t\t\t\t<span class=\"everest-forms-upload-title\">\n\t\t\t\t\tPrzeci\u0105gnij i upu\u015b\u0107 pliki tutaj lub wczytaj je wciskaj\u0105c przycisk\t\t\t\t<\/span>\n\n\t\t\t\t\t\t\t\t\t<span class=\"everest-forms-upload-hint\">\n\t\t\t\t\t\tMo\u017cesz za\u0142adowa\u0107 1 plik do 35MB\t\t\t\t\t<\/span>\n\t\t\t\t\t\t\t<\/div>\n\t\t\t\t\t<\/div>\n\t\t<input type=\"text\" class=\"dropzone-input input-text\" id=\"everest-forms-450-field_bKhsOfWTch-1\" name=\"everest_forms_450_bKhsOfWTch-1\"  conditional_id=\"\" conditional_rules=''>\n\t\t<\/div><\/div><\/div><\/div><div class=\"evf-honeypot-container evf-field-hp\"><label for=\"evf-450-field-hp\" class=\"evf-field-label\">Phone<\/label><input type=\"text\" name=\"everest_forms[hp]\" id=\"evf-450-field-hp\" class=\"input-text\"><\/div><div class=\"evf-submit-container \" ><input type=\"hidden\" name=\"everest_forms[id]\" value=\"450\"><input type=\"hidden\" name=\"everest_forms[author]\" value=\"1\"><button type='submit' name='everest_forms[submit]' class='everest-forms-submit-button button evf-submit jeg_button_1' id='evf-submit-450' value='evf-submit' data-process-text=\"Przetwarzanie\u2026\" conditional_rules='&quot;&quot;' conditional_id='evf-submit-450'  id=\"evf-submit-450\" aria-live=\"assertive\">Wy\u015blij<\/button><\/div><\/form><\/div><!-- .evf-container --><\/div>\n<hr \/>\n<p><img decoding=\"async\" class=\"aligncenter\" src=\"https:\/\/prawywroclaw.pl\/wp-content\/uploads\/2026\/04\/PRAWY-WROCLAW-tworz-z-nami.png\" \/><\/p>\n","protected":false},"excerpt":{"rendered":"<p>Masz informacj\u0119, o kt\u00f3rej powinno by\u0107 g\u0142o\u015bno? Widzisz spraw\u0119, kt\u00f3r\u0105 kto\u015b pr\u00f3buje przemilcze\u0107? A mo\u017ce dzieje si\u0119 co\u015b wa\u017cnego w Twojej okolicy? Podziel si\u0119 tym z nami. PRAWYWROCLAW.pl to portal tworzony przez ludzi, kt\u00f3rzy wierz\u0105, \u017ce rzetelne informacje zaczynaj\u0105 si\u0119 cz\u0119sto od zwyk\u0142ych \u015bwiadk\u00f3w wydarze\u0144. To dzi\u0119ki Wam mo\u017cemy dociera\u0107 tam, gdzie inni nie chc\u0105 [&hellip;]<\/p>\n","protected":false},"author":1,"featured_media":305,"parent":0,"menu_order":0,"comment_status":"closed","ping_status":"closed","template":"","meta":{"jnews_page_loop":{"first_title":"Latest Post","header_type":"heading_6","layout":"right-sidebar","sidebar":"default-sidebar","second_sidebar":"default-sidebar","sticky_sidebar":"1","module":"3","main_custom_image_size":"default","second_custom_image_size":"default","excerpt_length":"20","content_date":"default","date_custom":"Y\/m\/d","content_pagination":"nav_1","pagination_align":"center","post_sticky":"0","post_offset":"0","posts_per_page":"5","sort_by":"latest"},"jnews_single_page":{"layout":"double-sidebar","sidebar":"single-left","second_sidebar":"archive-right","sticky_sidebar":"1","show_post_title":"1","show_post_breadcrumbs":"1","show_post_featured":"0","share_position":"hide","share_color":"share-monocrhome"},"jnews_social_meta":[],"footnotes":""},"coauthors":[10],"class_list":["post-327","page","type-page","status-publish","has-post-thumbnail","hentry"],"_links":{"self":[{"href":"https:\/\/prawywroclaw.pl\/index.php\/wp-json\/wp\/v2\/pages\/327","targetHints":{"allow":["GET"]}}],"collection":[{"href":"https:\/\/prawywroclaw.pl\/index.php\/wp-json\/wp\/v2\/pages"}],"about":[{"href":"https:\/\/prawywroclaw.pl\/index.php\/wp-json\/wp\/v2\/types\/page"}],"author":[{"embeddable":true,"href":"https:\/\/prawywroclaw.pl\/index.php\/wp-json\/wp\/v2\/users\/1"}],"replies":[{"embeddable":true,"href":"https:\/\/prawywroclaw.pl\/index.php\/wp-json\/wp\/v2\/comments?post=327"}],"version-history":[{"count":5,"href":"https:\/\/prawywroclaw.pl\/index.php\/wp-json\/wp\/v2\/pages\/327\/revisions"}],"predecessor-version":[{"id":465,"href":"https:\/\/prawywroclaw.pl\/index.php\/wp-json\/wp\/v2\/pages\/327\/revisions\/465"}],"wp:featuredmedia":[{"embeddable":true,"href":"https:\/\/prawywroclaw.pl\/index.php\/wp-json\/wp\/v2\/media\/305"}],"wp:attachment":[{"href":"https:\/\/prawywroclaw.pl\/index.php\/wp-json\/wp\/v2\/media?parent=327"}],"wp:term":[{"taxonomy":"author","embeddable":true,"href":"https:\/\/prawywroclaw.pl\/index.php\/wp-json\/wp\/v2\/coauthors?post=327"}],"curies":[{"name":"wp","href":"https:\/\/api.w.org\/{rel}","templated":true}]}}